{"id":33,"date":"2021-06-22T15:27:46","date_gmt":"2021-06-22T15:27:46","guid":{"rendered":"https:\/\/gasthof-markel.com\/?page_id=33"},"modified":"2026-03-16T20:40:35","modified_gmt":"2026-03-16T20:40:35","slug":"unsere-weine","status":"publish","type":"page","link":"https:\/\/www.gasthof-markel.com\/index.php\/unsere-weine\/","title":{"rendered":"Unsere Weine"},"content":{"rendered":"\n<p>Der Gasthof Markel bietet eine Auswahl an Qualit\u00e4tsweinen aus n\u00e4chster Umgebung. Wir legen viel Wert auf regionale Produkte und die Wachau bietet eine ideale Grundlage hierf\u00fcr. Sie k\u00f6nnen folgende Weine bei uns genie\u00dfen &#8211; Siehe:<\/p>\n\n\n\n<div class=\"wp-block-file\"><a id=\"wp-block-file--media-df41f9a5-46e9-4592-a4b8-94bf6a16647d\" href=\"http:\/\/gasthof-markel.com\/wp-content\/uploads\/2026\/03\/Speisekarte_Gross_7.pdf\">Speise- und Getr\u00e4nkekarte<\/a><a href=\"http:\/\/gasthof-markel.com\/wp-content\/uploads\/2026\/03\/Speisekarte_Gross_7.pdf\" class=\"wp-block-file__button\" download aria-describedby=\"wp-block-file--media-df41f9a5-46e9-4592-a4b8-94bf6a16647d\">Herunterladen<\/a><\/div>\n","protected":false},"excerpt":{"rendered":"<p>Der Gasthof Markel bietet eine Auswahl an Qualit\u00e4tsweinen aus n\u00e4chster Umgebung. Wir legen viel Wert auf regionale Produkte und die Wachau bietet eine ideale Grundlage hierf\u00fcr. Sie k\u00f6nnen folgende Weine bei uns genie\u00dfen &#8211; Siehe:<\/p>\n","protected":false},"author":1,"featured_media":88,"parent":0,"menu_order":0,"comment_status":"closed","ping_status":"closed","template":"","meta":[],"_links":{"self":[{"href":"https:\/\/www.gasthof-markel.com\/index.php\/wp-json\/wp\/v2\/pages\/33"}],"collection":[{"href":"https:\/\/www.gasthof-markel.com\/index.php\/wp-json\/wp\/v2\/pages"}],"about":[{"href":"https:\/\/www.gasthof-markel.com\/index.php\/wp-json\/wp\/v2\/types\/page"}],"author":[{"embeddable":true,"href":"https:\/\/www.gasthof-markel.com\/index.php\/wp-json\/wp\/v2\/users\/1"}],"replies":[{"embeddable":true,"href":"https:\/\/www.gasthof-markel.com\/index.php\/wp-json\/wp\/v2\/comments?post=33"}],"version-history":[{"count":13,"href":"https:\/\/www.gasthof-markel.com\/index.php\/wp-json\/wp\/v2\/pages\/33\/revisions"}],"predecessor-version":[{"id":897,"href":"https:\/\/www.gasthof-markel.com\/index.php\/wp-json\/wp\/v2\/pages\/33\/revisions\/897"}],"wp:featuredmedia":[{"embeddable":true,"href":"https:\/\/www.gasthof-markel.com\/index.php\/wp-json\/wp\/v2\/media\/88"}],"wp:attachment":[{"href":"https:\/\/www.gasthof-markel.com\/index.php\/wp-json\/wp\/v2\/media?parent=33"}],"curies":[{"name":"wp","href":"https:\/\/api.w.org\/{rel}","templated":true}]}}