{"id":34,"date":"2021-06-22T15:27:33","date_gmt":"2021-06-22T15:27:33","guid":{"rendered":"https:\/\/gasthof-markel.com\/?page_id=34"},"modified":"2021-07-03T19:57:23","modified_gmt":"2021-07-03T19:57:23","slug":"ueber-uns","status":"publish","type":"page","link":"https:\/\/www.gasthof-markel.com\/index.php\/ueber-uns\/","title":{"rendered":"\u00dcber Uns"},"content":{"rendered":"\n<p>Unser Motto lautet: Essen, Schlafen &amp; Genie\u00dfen &#8211; f\u00fchlen Sie sich bei uns wie Zuhause<\/p>\n\n\n\n<p>Im Jahr 2020\/21 wurde der Gasthof Markel an der Gneixendorfer Hauptstra\u00dfe erbaut. Wir m\u00f6chten unsere G\u00e4ste in den Genuss klassischer Hausmannskost kommen lassen und f\u00fcr die j\u00fcngere Generation saftige Burger anbieten. Auch Kaffeeliebhaber und Naschkatzen sind bei uns an der richtigen Adresse. F\u00fcr Touristinnen und Touristen, welche die Wachau erkunden m\u00f6chten, ist unser Gasthof an der Schnittstelle Kamptal-Wachau der ideale Standort.<\/p>\n\n\n\n<p>Unser Team besteht aus erfahrenen Fachkr\u00e4ften der Gastronomie und wird durch Mitglieder der Familie Markel erg\u00e4nzt. F\u00fcr uns steht Ihre Zufriedenheit an oberster Stelle und wir freuen uns auf Ihren Besuch.<\/p>\n\n\n\n<figure class=\"wp-block-image\"><img loading=\"lazy\" width=\"1024\" height=\"681\" src=\"https:\/\/gasthof-markel.com\/wp-content\/uploads\/2021\/06\/Foto_Garten_1-1024x681.jpg\" alt=\"\" class=\"wp-image-84\" srcset=\"https:\/\/www.gasthof-markel.com\/wp-content\/uploads\/2021\/06\/Foto_Garten_1-1024x681.jpg 1024w, https:\/\/www.gasthof-markel.com\/wp-content\/uploads\/2021\/06\/Foto_Garten_1-300x200.jpg 300w, https:\/\/www.gasthof-markel.com\/wp-content\/uploads\/2021\/06\/Foto_Garten_1-768x511.jpg 768w, https:\/\/www.gasthof-markel.com\/wp-content\/uploads\/2021\/06\/Foto_Garten_1-360x240.jpg 360w, https:\/\/www.gasthof-markel.com\/wp-content\/uploads\/2021\/06\/Foto_Garten_1.jpg 2006w\" sizes=\"(max-width: 1024px) 100vw, 1024px\" \/><\/figure>\n\n\n\n<figure class=\"wp-block-image\"><img loading=\"lazy\" width=\"1024\" height=\"668\" src=\"https:\/\/gasthof-markel.com\/wp-content\/uploads\/2021\/06\/Foto_Garten_2-1024x668.jpg\" alt=\"\" class=\"wp-image-85\" srcset=\"https:\/\/www.gasthof-markel.com\/wp-content\/uploads\/2021\/06\/Foto_Garten_2-1024x668.jpg 1024w, https:\/\/www.gasthof-markel.com\/wp-content\/uploads\/2021\/06\/Foto_Garten_2-300x196.jpg 300w, https:\/\/www.gasthof-markel.com\/wp-content\/uploads\/2021\/06\/Foto_Garten_2-768x501.jpg 768w, https:\/\/www.gasthof-markel.com\/wp-content\/uploads\/2021\/06\/Foto_Garten_2.jpg 1800w\" sizes=\"(max-width: 1024px) 100vw, 1024px\" \/><\/figure>\n","protected":false},"excerpt":{"rendered":"<p>Unser Motto lautet: Essen, Schlafen &amp; Genie\u00dfen &#8211; f\u00fchlen Sie sich bei uns wie Zuhause Im Jahr 2020\/21 wurde der Gasthof Markel an der Gneixendorfer Hauptstra\u00dfe erbaut. Wir m\u00f6chten unsere G\u00e4ste in den Genuss klassischer Hausmannskost kommen lassen und f\u00fcr die j\u00fcngere Generation saftige Burger anbieten. Auch Kaffeeliebhaber und Naschkatzen [&hellip;]<\/p>\n","protected":false},"author":1,"featured_media":91,"parent":0,"menu_order":0,"comment_status":"closed","ping_status":"closed","template":"","meta":[],"_links":{"self":[{"href":"https:\/\/www.gasthof-markel.com\/index.php\/wp-json\/wp\/v2\/pages\/34"}],"collection":[{"href":"https:\/\/www.gasthof-markel.com\/index.php\/wp-json\/wp\/v2\/pages"}],"about":[{"href":"https:\/\/www.gasthof-markel.com\/index.php\/wp-json\/wp\/v2\/types\/page"}],"author":[{"embeddable":true,"href":"https:\/\/www.gasthof-markel.com\/index.php\/wp-json\/wp\/v2\/users\/1"}],"replies":[{"embeddable":true,"href":"https:\/\/www.gasthof-markel.com\/index.php\/wp-json\/wp\/v2\/comments?post=34"}],"version-history":[{"count":13,"href":"https:\/\/www.gasthof-markel.com\/index.php\/wp-json\/wp\/v2\/pages\/34\/revisions"}],"predecessor-version":[{"id":175,"href":"https:\/\/www.gasthof-markel.com\/index.php\/wp-json\/wp\/v2\/pages\/34\/revisions\/175"}],"wp:featuredmedia":[{"embeddable":true,"href":"https:\/\/www.gasthof-markel.com\/index.php\/wp-json\/wp\/v2\/media\/91"}],"wp:attachment":[{"href":"https:\/\/www.gasthof-markel.com\/index.php\/wp-json\/wp\/v2\/media?parent=34"}],"curies":[{"name":"wp","href":"https:\/\/api.w.org\/{rel}","templated":true}]}}