{"id":36,"date":"2021-06-22T15:27:39","date_gmt":"2021-06-22T15:27:39","guid":{"rendered":"https:\/\/gasthof-markel.com\/?page_id=36"},"modified":"2025-09-23T14:36:16","modified_gmt":"2025-09-23T14:36:16","slug":"uebernachten","status":"publish","type":"page","link":"https:\/\/www.gasthof-markel.com\/index.php\/uebernachten\/","title":{"rendered":"\u00dcbernachten"},"content":{"rendered":"\n<p>Haben wir Ihr Interesse an unserem Komfortzimmer geweckt? Unsere ger\u00e4umigen G\u00e4stezimmer zeichnen sich durch moderne Einrichtung und einem damit einhergehenden hohen Wohlf\u00fchlfaktor aus. Die unmittelbare N\u00e4he zur Stadt Krems macht den Gasthof Markel zum idealen Standort f\u00fcr ihren Trip durch die Wachau. Unser Angebot umfasst:<\/p>\n\n\n\n<ul><li>Doppelzimmer f\u00fcr 1 Nacht mit Fr\u00fchst\u00fcck: 120\u20ac<\/li><li>Doppelzimmer ab 2 N\u00e4chte mit Fr\u00fchst\u00fcck: 100\u20ac pro Nacht<\/li><li>Einzelzimmer f\u00fcr 1 Nacht mit Fr\u00fchst\u00fcck: 75\u20ac<\/li><li>Einzelzimmer ab 2 N\u00e4chte mit Fr\u00fchst\u00fcck: 70\u20ac pro Nacht<\/li><\/ul>\n\n\n\n<p>Preise verstehen sich exklusive Ortstaxe. Kinder von 0 bis 2 Jahren \u00fcbernachten gratis im Bett der Eltern. Ein Gitterbett steht f\u00fcr 10\u20ac pro Nacht zur Verf\u00fcgung. Kinder von 3 bis 11 Jahren \u00fcbernachten bei uns f\u00fcr 29\u20ac pro Nacht. Ab 12 Jahren gilt der volle Preis. Ohne Fr\u00fchst\u00fcck verstehen sich die Preise -5\u20ac.<\/p>\n\n\n\n<p>Schicken Sie uns ihre Anfragen einfach direkt per Mail oder kontaktieren Sie uns telefonisch (02732\/20212). Wir bitten um Barzahlung.<\/p>\n\n\n\n<p>Hier finden Sie einen Rundgang vom Gasthof Markel: <a rel=\"noreferrer noopener\" href=\"https:\/\/www.urwichtig.com\/vtgm\" target=\"_blank\">Rundgang<\/a><\/p>\n\n\n\n<figure class=\"wp-block-image\"><img loading=\"lazy\" width=\"1024\" height=\"768\" src=\"https:\/\/gasthof-markel.com\/wp-content\/uploads\/2021\/07\/Foto_Zimmer_1-1024x768.jpg\" alt=\"\" class=\"wp-image-149\" srcset=\"https:\/\/www.gasthof-markel.com\/wp-content\/uploads\/2021\/07\/Foto_Zimmer_1-1024x768.jpg 1024w, https:\/\/www.gasthof-markel.com\/wp-content\/uploads\/2021\/07\/Foto_Zimmer_1-300x225.jpg 300w, https:\/\/www.gasthof-markel.com\/wp-content\/uploads\/2021\/07\/Foto_Zimmer_1-768x576.jpg 768w, https:\/\/www.gasthof-markel.com\/wp-content\/uploads\/2021\/07\/Foto_Zimmer_1.jpg 1600w\" sizes=\"(max-width: 1024px) 100vw, 1024px\" \/><\/figure>\n\n\n\n<figure class=\"wp-block-image\"><img loading=\"lazy\" width=\"1024\" height=\"768\" src=\"https:\/\/gasthof-markel.com\/wp-content\/uploads\/2021\/07\/Foto_Zimmer_2-1024x768.jpg\" alt=\"\" class=\"wp-image-150\" srcset=\"https:\/\/www.gasthof-markel.com\/wp-content\/uploads\/2021\/07\/Foto_Zimmer_2-1024x768.jpg 1024w, https:\/\/www.gasthof-markel.com\/wp-content\/uploads\/2021\/07\/Foto_Zimmer_2-300x225.jpg 300w, https:\/\/www.gasthof-markel.com\/wp-content\/uploads\/2021\/07\/Foto_Zimmer_2-768x576.jpg 768w, https:\/\/www.gasthof-markel.com\/wp-content\/uploads\/2021\/07\/Foto_Zimmer_2.jpg 1600w\" sizes=\"(max-width: 1024px) 100vw, 1024px\" \/><\/figure>\n\n\n\n<figure class=\"wp-block-image\"><img loading=\"lazy\" width=\"1024\" height=\"768\" src=\"https:\/\/gasthof-markel.com\/wp-content\/uploads\/2021\/07\/Foto_Zimmer_3-1024x768.jpg\" alt=\"\" class=\"wp-image-151\" srcset=\"https:\/\/www.gasthof-markel.com\/wp-content\/uploads\/2021\/07\/Foto_Zimmer_3-1024x768.jpg 1024w, https:\/\/www.gasthof-markel.com\/wp-content\/uploads\/2021\/07\/Foto_Zimmer_3-300x225.jpg 300w, https:\/\/www.gasthof-markel.com\/wp-content\/uploads\/2021\/07\/Foto_Zimmer_3-768x576.jpg 768w, https:\/\/www.gasthof-markel.com\/wp-content\/uploads\/2021\/07\/Foto_Zimmer_3.jpg 1600w\" sizes=\"(max-width: 1024px) 100vw, 1024px\" \/><\/figure>\n\n\n\n<div class=\"wp-block-columns has-2-columns\">\n<div class=\"wp-block-column\">\n<figure class=\"wp-block-image\"><img loading=\"lazy\" width=\"768\" height=\"1024\" src=\"https:\/\/gasthof-markel.com\/wp-content\/uploads\/2021\/07\/Foto_Zimmer_5-768x1024.jpg\" alt=\"\" class=\"wp-image-153\" srcset=\"https:\/\/www.gasthof-markel.com\/wp-content\/uploads\/2021\/07\/Foto_Zimmer_5-768x1024.jpg 768w, https:\/\/www.gasthof-markel.com\/wp-content\/uploads\/2021\/07\/Foto_Zimmer_5-225x300.jpg 225w, https:\/\/www.gasthof-markel.com\/wp-content\/uploads\/2021\/07\/Foto_Zimmer_5.jpg 1200w\" sizes=\"(max-width: 768px) 100vw, 768px\" \/><\/figure>\n<\/div>\n\n\n\n<div class=\"wp-block-column\">\n<figure class=\"wp-block-image\"><img loading=\"lazy\" width=\"768\" height=\"1024\" src=\"https:\/\/gasthof-markel.com\/wp-content\/uploads\/2021\/07\/Foto_Zimmer_4-768x1024.jpg\" alt=\"\" class=\"wp-image-152\" srcset=\"https:\/\/www.gasthof-markel.com\/wp-content\/uploads\/2021\/07\/Foto_Zimmer_4-768x1024.jpg 768w, https:\/\/www.gasthof-markel.com\/wp-content\/uploads\/2021\/07\/Foto_Zimmer_4-225x300.jpg 225w, https:\/\/www.gasthof-markel.com\/wp-content\/uploads\/2021\/07\/Foto_Zimmer_4.jpg 1200w\" sizes=\"(max-width: 768px) 100vw, 768px\" \/><\/figure>\n<\/div>\n<\/div>\n","protected":false},"excerpt":{"rendered":"<p>Haben wir Ihr Interesse an unserem Komfortzimmer geweckt? Unsere ger\u00e4umigen G\u00e4stezimmer zeichnen sich durch moderne Einrichtung und einem damit einhergehenden hohen Wohlf\u00fchlfaktor aus. Die unmittelbare N\u00e4he zur Stadt Krems macht den Gasthof Markel zum idealen Standort f\u00fcr ihren Trip durch die Wachau. Unser Angebot umfasst: Doppelzimmer f\u00fcr 1 Nacht mit [&hellip;]<\/p>\n","protected":false},"author":1,"featured_media":149,"parent":0,"menu_order":0,"comment_status":"closed","ping_status":"closed","template":"","meta":[],"_links":{"self":[{"href":"https:\/\/www.gasthof-markel.com\/index.php\/wp-json\/wp\/v2\/pages\/36"}],"collection":[{"href":"https:\/\/www.gasthof-markel.com\/index.php\/wp-json\/wp\/v2\/pages"}],"about":[{"href":"https:\/\/www.gasthof-markel.com\/index.php\/wp-json\/wp\/v2\/types\/page"}],"author":[{"embeddable":true,"href":"https:\/\/www.gasthof-markel.com\/index.php\/wp-json\/wp\/v2\/users\/1"}],"replies":[{"embeddable":true,"href":"https:\/\/www.gasthof-markel.com\/index.php\/wp-json\/wp\/v2\/comments?post=36"}],"version-history":[{"count":34,"href":"https:\/\/www.gasthof-markel.com\/index.php\/wp-json\/wp\/v2\/pages\/36\/revisions"}],"predecessor-version":[{"id":838,"href":"https:\/\/www.gasthof-markel.com\/index.php\/wp-json\/wp\/v2\/pages\/36\/revisions\/838"}],"wp:featuredmedia":[{"embeddable":true,"href":"https:\/\/www.gasthof-markel.com\/index.php\/wp-json\/wp\/v2\/media\/149"}],"wp:attachment":[{"href":"https:\/\/www.gasthof-markel.com\/index.php\/wp-json\/wp\/v2\/media?parent=36"}],"curies":[{"name":"wp","href":"https:\/\/api.w.org\/{rel}","templated":true}]}}